{"id":16,"date":"2022-04-26T09:25:00","date_gmt":"2022-04-26T09:25:00","guid":{"rendered":"https:\/\/rseap.webs.upv.es\/trabajando\/?page_id=16"},"modified":"2022-04-26T17:50:04","modified_gmt":"2022-04-26T17:50:04","slug":"actividades-2022","status":"publish","type":"page","link":"https:\/\/rseap.webs.upv.es\/rseapv\/actividades-2022\/","title":{"rendered":"Actividades 2022"},"content":{"rendered":"\n<div class=\"wp-block-query is-layout-flow wp-block-query-is-layout-flow\"><ul class=\"wp-block-post-template is-layout-flow wp-block-post-template-is-layout-flow\"><li class=\"wp-block-post post-805 post type-post status-publish format-standard has-post-thumbnail hentry category-actividades category-actividades-2022\">\n<h2 class=\"wp-block-post-title\"><a href=\"https:\/\/rseap.webs.upv.es\/rseapv\/2022\/11\/15-de-diciembre-asamblea-general-de-socios-2\/\" target=\"_self\" >15 de Diciembre. Asamblea General de Socios<\/a><\/h2>\n\n<figure class=\"alignwide wp-block-post-featured-image\"><a href=\"https:\/\/rseap.webs.upv.es\/rseapv\/2022\/11\/15-de-diciembre-asamblea-general-de-socios-2\/\" target=\"_self\"  ><img loading=\"lazy\" decoding=\"async\" width=\"2320\" height=\"1618\" src=\"https:\/\/rseap.webs.upv.es\/rseapv\/wp-content\/uploads\/2022\/11\/Estatutos1785_calidad_Imprimir_OCR.png\" class=\"attachment-post-thumbnail size-post-thumbnail wp-post-image\" alt=\"15 de Diciembre. Asamblea General de Socios\" style=\"object-fit:cover;\" srcset=\"https:\/\/rseap.webs.upv.es\/rseapv\/wp-content\/uploads\/2022\/11\/Estatutos1785_calidad_Imprimir_OCR.png 2320w, https:\/\/rseap.webs.upv.es\/rseapv\/wp-content\/uploads\/2022\/11\/Estatutos1785_calidad_Imprimir_OCR-300x209.png 300w, https:\/\/rseap.webs.upv.es\/rseapv\/wp-content\/uploads\/2022\/11\/Estatutos1785_calidad_Imprimir_OCR-1024x714.png 1024w, https:\/\/rseap.webs.upv.es\/rseapv\/wp-content\/uploads\/2022\/11\/Estatutos1785_calidad_Imprimir_OCR-768x536.png 768w, https:\/\/rseap.webs.upv.es\/rseapv\/wp-content\/uploads\/2022\/11\/Estatutos1785_calidad_Imprimir_OCR-1536x1071.png 1536w, https:\/\/rseap.webs.upv.es\/rseapv\/wp-content\/uploads\/2022\/11\/Estatutos1785_calidad_Imprimir_OCR-2048x1428.png 2048w\" sizes=\"auto, (max-width: 2320px) 100vw, 2320px\" \/><\/a><\/figure>\n\n<div class=\"wp-block-post-excerpt\"><p class=\"wp-block-post-excerpt__excerpt\">Distinguidos\/as amigos\/as: Rogamos tengan la amabilidad de asistir a la Asamblea General de Socios, que se celebrar\u00e1 el pr\u00f3ximo d\u00eda 15 de diciembre de 2022 a las 18:30 horas, en primera convocatoria, y a las 19:00 horas, en segunda convocatoria, en el Sal\u00f3n de Actos del Conservatorio Profesional de M\u00fasica de Valencia, Edificio hist\u00f3rico en&hellip; <\/p><\/div>\n\n\n<hr class=\"wp-block-separator\"\/>\n\n\n<div class=\"wp-block-post-date\"><time datetime=\"2022-11-21T09:02:44+00:00\">noviembre 21, 2022<\/time><\/div>\n<\/li><li class=\"wp-block-post post-666 post type-post status-publish format-standard has-post-thumbnail hentry category-actividades category-actividades-2022\">\n<h2 class=\"wp-block-post-title\"><a href=\"https:\/\/rseap.webs.upv.es\/rseapv\/2022\/10\/10-de-noviembre-lucrecia-borgia-la-gran-desconocida\/\" target=\"_self\" >10 de Noviembre. Lucrecia Borgia, la gran desconocida<\/a><\/h2>\n\n<figure class=\"alignwide wp-block-post-featured-image\"><a href=\"https:\/\/rseap.webs.upv.es\/rseapv\/2022\/10\/10-de-noviembre-lucrecia-borgia-la-gran-desconocida\/\" target=\"_self\"  ><img loading=\"lazy\" decoding=\"async\" width=\"2560\" height=\"1915\" src=\"https:\/\/rseap.webs.upv.es\/rseapv\/wp-content\/uploads\/2022\/10\/St_Catherines_Disputation_Detail-A300-X30-scaled.jpg\" class=\"attachment-post-thumbnail size-post-thumbnail wp-post-image\" alt=\"10 de Noviembre. Lucrecia Borgia, la gran desconocida\" style=\"object-fit:cover;\" srcset=\"https:\/\/rseap.webs.upv.es\/rseapv\/wp-content\/uploads\/2022\/10\/St_Catherines_Disputation_Detail-A300-X30-scaled.jpg 2560w, https:\/\/rseap.webs.upv.es\/rseapv\/wp-content\/uploads\/2022\/10\/St_Catherines_Disputation_Detail-A300-X30-300x224.jpg 300w, https:\/\/rseap.webs.upv.es\/rseapv\/wp-content\/uploads\/2022\/10\/St_Catherines_Disputation_Detail-A300-X30-1024x766.jpg 1024w, https:\/\/rseap.webs.upv.es\/rseapv\/wp-content\/uploads\/2022\/10\/St_Catherines_Disputation_Detail-A300-X30-768x575.jpg 768w, https:\/\/rseap.webs.upv.es\/rseapv\/wp-content\/uploads\/2022\/10\/St_Catherines_Disputation_Detail-A300-X30-1536x1149.jpg 1536w, https:\/\/rseap.webs.upv.es\/rseapv\/wp-content\/uploads\/2022\/10\/St_Catherines_Disputation_Detail-A300-X30-2048x1532.jpg 2048w\" sizes=\"auto, (max-width: 2560px) 100vw, 2560px\" \/><\/a><\/figure>\n\n<div class=\"wp-block-post-excerpt\"><p class=\"wp-block-post-excerpt__excerpt\">Conferencia completa Resumen Ninguna mujer de la Edad Moderna ha sido tan maltratada por la historia como Lucrecia Borgia, hija del papa valenciano Alejandro VI. El retrato que ha calado en el imaginario popular es el de una libertina, incestuosa y madre desalmada que envenenaba a sus amantes una vez satisfecha su pasi\u00f3n. Esta imagen&hellip; <\/p><\/div>\n\n\n<hr class=\"wp-block-separator\"\/>\n\n\n<div class=\"wp-block-post-date\"><time datetime=\"2022-10-26T14:30:47+00:00\">octubre 26, 2022<\/time><\/div>\n<\/li><li class=\"wp-block-post post-602 post type-post status-publish format-standard has-post-thumbnail hentry category-actividades category-actividades-2022\">\n<h2 class=\"wp-block-post-title\"><a href=\"https:\/\/rseap.webs.upv.es\/rseapv\/2022\/06\/conferencia-conocer-la-edad-de-una-estrella\/\" target=\"_self\" >13 de Mayo. Conferencia. Conocer la edad de una estrella.<\/a><\/h2>\n\n<figure class=\"alignwide wp-block-post-featured-image\"><a href=\"https:\/\/rseap.webs.upv.es\/rseapv\/2022\/06\/conferencia-conocer-la-edad-de-una-estrella\/\" target=\"_self\"  ><img loading=\"lazy\" decoding=\"async\" width=\"2560\" height=\"1707\" src=\"https:\/\/rseap.webs.upv.es\/rseapv\/wp-content\/uploads\/2022\/06\/DSC_0008-scaled.jpg\" class=\"attachment-post-thumbnail size-post-thumbnail wp-post-image\" alt=\"13 de Mayo. Conferencia. Conocer la edad de una estrella.\" style=\"object-fit:cover;\" srcset=\"https:\/\/rseap.webs.upv.es\/rseapv\/wp-content\/uploads\/2022\/06\/DSC_0008-scaled.jpg 2560w, https:\/\/rseap.webs.upv.es\/rseapv\/wp-content\/uploads\/2022\/06\/DSC_0008-300x200.jpg 300w, https:\/\/rseap.webs.upv.es\/rseapv\/wp-content\/uploads\/2022\/06\/DSC_0008-1024x683.jpg 1024w, https:\/\/rseap.webs.upv.es\/rseapv\/wp-content\/uploads\/2022\/06\/DSC_0008-768x512.jpg 768w, https:\/\/rseap.webs.upv.es\/rseapv\/wp-content\/uploads\/2022\/06\/DSC_0008-1536x1024.jpg 1536w, https:\/\/rseap.webs.upv.es\/rseapv\/wp-content\/uploads\/2022\/06\/DSC_0008-2048x1365.jpg 2048w\" sizes=\"auto, (max-width: 2560px) 100vw, 2560px\" \/><\/a><\/figure>\n\n<div class=\"wp-block-post-excerpt\"><p class=\"wp-block-post-excerpt__excerpt\">Una historia cient\u00edfica de retos, imaginaci\u00f3n y magia. Galer\u00eda V\u00eddeo Conferenciante: Dr. Andr\u00e9s Moya Bed\u00f3n.&nbsp;Investigador de excelencia de la Universidad de Valencia. Presentado por Juan Fabregat Llueca.&nbsp;Catedr\u00e1tico de Astronom\u00eda y Astrof\u00edsica de la Universidad de Valencia y Presidente de la Comisi\u00f3n de Investigaci\u00f3n y Ciencia de la RSEAPV. Sal\u00f3n de actos del Conservatorio Profesional de&hellip; <\/p><\/div>\n\n\n<hr class=\"wp-block-separator\"\/>\n\n\n<div class=\"wp-block-post-date\"><time datetime=\"2022-06-15T13:44:36+00:00\">junio 15, 2022<\/time><\/div>\n<\/li><li class=\"wp-block-post post-439 post type-post status-publish format-standard has-post-thumbnail hentry category-actividades category-actividades-2022\">\n<h2 class=\"wp-block-post-title\"><a href=\"https:\/\/rseap.webs.upv.es\/rseapv\/2022\/05\/5-de-mayo-recital-poetico-musical-la-ilustracion\/\" target=\"_self\" >5 de mayo. Recital Po\u00e9tico &#8211; Musical: La ilustraci\u00f3n<\/a><\/h2>\n\n<figure class=\"alignwide wp-block-post-featured-image\"><a href=\"https:\/\/rseap.webs.upv.es\/rseapv\/2022\/05\/5-de-mayo-recital-poetico-musical-la-ilustracion\/\" target=\"_self\"  ><img loading=\"lazy\" decoding=\"async\" width=\"2560\" height=\"1707\" src=\"https:\/\/rseap.webs.upv.es\/rseapv\/wp-content\/uploads\/2022\/05\/05052022Fotograf\u0e01as_Recital_La_Ilustraci\u0e02n_4-scaled.jpg\" class=\"attachment-post-thumbnail size-post-thumbnail wp-post-image\" alt=\"5 de mayo. Recital Po\u00e9tico &#8211; Musical: La ilustraci\u00f3n\" style=\"object-fit:cover;\" srcset=\"https:\/\/rseap.webs.upv.es\/rseapv\/wp-content\/uploads\/2022\/05\/05052022Fotograf\u0e01as_Recital_La_Ilustraci\u0e02n_4-scaled.jpg 2560w, https:\/\/rseap.webs.upv.es\/rseapv\/wp-content\/uploads\/2022\/05\/05052022Fotograf\u0e01as_Recital_La_Ilustraci\u0e02n_4-300x200.jpg 300w, https:\/\/rseap.webs.upv.es\/rseapv\/wp-content\/uploads\/2022\/05\/05052022Fotograf\u0e01as_Recital_La_Ilustraci\u0e02n_4-1024x683.jpg 1024w, https:\/\/rseap.webs.upv.es\/rseapv\/wp-content\/uploads\/2022\/05\/05052022Fotograf\u0e01as_Recital_La_Ilustraci\u0e02n_4-768x512.jpg 768w, https:\/\/rseap.webs.upv.es\/rseapv\/wp-content\/uploads\/2022\/05\/05052022Fotograf\u0e01as_Recital_La_Ilustraci\u0e02n_4-1536x1024.jpg 1536w, https:\/\/rseap.webs.upv.es\/rseapv\/wp-content\/uploads\/2022\/05\/05052022Fotograf\u0e01as_Recital_La_Ilustraci\u0e02n_4-2048x1365.jpg 2048w\" sizes=\"auto, (max-width: 2560px) 100vw, 2560px\" \/><\/a><\/figure>\n\n<div class=\"wp-block-post-excerpt\"><p class=\"wp-block-post-excerpt__excerpt\">Galer\u00eda de im\u00e1genes Convocatorias <\/p><\/div>\n\n\n<hr class=\"wp-block-separator\"\/>\n\n\n<div class=\"wp-block-post-date\"><time datetime=\"2022-05-16T14:45:15+00:00\">mayo 16, 2022<\/time><\/div>\n<\/li><\/ul><\/div>\n","protected":false},"excerpt":{"rendered":"","protected":false},"author":1,"featured_media":0,"parent":0,"menu_order":0,"comment_status":"closed","ping_status":"closed","template":"","meta":{"footnotes":""},"class_list":["post-16","page","type-page","status-publish","hentry"],"_links":{"self":[{"href":"https:\/\/rseap.webs.upv.es\/rseapv\/wp-json\/wp\/v2\/pages\/16","targetHints":{"allow":["GET"]}}],"collection":[{"href":"https:\/\/rseap.webs.upv.es\/rseapv\/wp-json\/wp\/v2\/pages"}],"about":[{"href":"https:\/\/rseap.webs.upv.es\/rseapv\/wp-json\/wp\/v2\/types\/page"}],"author":[{"embeddable":true,"href":"https:\/\/rseap.webs.upv.es\/rseapv\/wp-json\/wp\/v2\/users\/1"}],"replies":[{"embeddable":true,"href":"https:\/\/rseap.webs.upv.es\/rseapv\/wp-json\/wp\/v2\/comments?post=16"}],"version-history":[{"count":2,"href":"https:\/\/rseap.webs.upv.es\/rseapv\/wp-json\/wp\/v2\/pages\/16\/revisions"}],"predecessor-version":[{"id":181,"href":"https:\/\/rseap.webs.upv.es\/rseapv\/wp-json\/wp\/v2\/pages\/16\/revisions\/181"}],"wp:attachment":[{"href":"https:\/\/rseap.webs.upv.es\/rseapv\/wp-json\/wp\/v2\/media?parent=16"}],"curies":[{"name":"wp","href":"https:\/\/api.w.org\/{rel}","templated":true}]}}