{"id":26,"date":"2022-04-26T09:25:00","date_gmt":"2022-04-26T09:25:00","guid":{"rendered":"https:\/\/rseap.webs.upv.es\/trabajando\/?page_id=26"},"modified":"2022-05-21T18:40:07","modified_gmt":"2022-05-21T18:40:07","slug":"ilustracion-y-progreso","status":"publish","type":"page","link":"https:\/\/rseap.webs.upv.es\/rseapv\/ilustracion-y-progreso\/","title":{"rendered":"Ilustraci\u00f3n y progreso"},"content":{"rendered":"\n<p><\/p>\n\n\n\n<div class=\"_df_book df-lite\" id=\"df_533\"  _slug=\"ilustracion-y-progreso\" data-title=\"ilustracion-y-progreso\" wpoptions=\"true\" thumbtype=\"\" ><\/div><script class=\"df-shortcode-script\" nowprocket type=\"application\/javascript\">window.option_df_533 = {\"outline\":[],\"autoEnableOutline\":\"false\",\"autoEnableThumbnail\":\"false\",\"overwritePDFOutline\":\"false\",\"direction\":\"1\",\"pageSize\":\"0\",\"source\":\"https:\\\/\\\/rseap.webs.upv.es\\\/rseapv\\\/wp-content\\\/uploads\\\/2022\\\/05\\\/Ilustracion_y_progreso_con_portada.pdf\",\"wpOptions\":\"true\"}; if(window.DFLIP && window.DFLIP.parseBooks){window.DFLIP.parseBooks();}<\/script>\n\n\n\n<div style=\"height:100px\" aria-hidden=\"true\" class=\"wp-block-spacer\"><\/div>\n\n\n\n<h3 class=\"wp-block-heading\">Obra fragmentada:<\/h3>\n\n\n\n<ul class=\"wp-block-list\"><li><a href=\"https:\/\/rseap.webs.upv.es\/pdf\/publicaciones\/Ilustracion\/RSEAP_Ilustracion_Portada.pdf\">Portada<\/a><\/li><li><a href=\"https:\/\/rseap.webs.upv.es\/pdf\/publicaciones\/Ilustracion\/RSEAP_Ilustracion_007.pdf\">Presentaci\u00f3n del Director de la RSEAPV<\/a><\/li><li><a rel=\"noreferrer noopener\" href=\"https:\/\/rseap.webs.upv.es\/pdf\/publicaciones\/Ilustracion\/RSEAP_Ilustracion_011.pdf\" target=\"_blank\">Palabras de los Coordinadores<\/a><\/li><li><em><a href=\"https:\/\/rseap.webs.upv.es\/pdf\/publicaciones\/Ilustracion\/RSEAP_Ilustracion_013.pdf\">La Real Sociedad Econ\u00f3mica de Amigos del Pa\u00eds de Valencia (1776-2008): Una apuesta permanente por el conocimiento.<\/a><\/em>\u00a0<strong>Francisco Oltra Climent<\/strong><\/li><li><em><a href=\"https:\/\/rseap.webs.upv.es\/pdf\/publicaciones\/Ilustracion\/RSEAP_Ilustracion_057.pdf\">La Real Sociedad Econ\u00f3mica de Amigos del Pa\u00eds y el fomento de la industria valenciana de la seda en el siglo XVIII.<\/a><\/em>\u00a0<strong>Ricardo Franch Benavent<\/strong><\/li><li><em><a href=\"https:\/\/rseap.webs.upv.es\/pdf\/publicaciones\/Ilustracion\/RSEAP_Ilustracion_097.pdf\">La Real Sociedad Econ\u00f3mica de Amigos del Pa\u00eds de Valencia: motor del desarrollo tecnol\u00f3gico industrial de los siglos XVIII y XIX.<\/a><\/em>\u00a0<strong>Dionisio Chanz\u00e1 Jord\u00e1n<\/strong><\/li><li><em><a href=\"https:\/\/rseap.webs.upv.es\/pdf\/publicaciones\/Ilustracion\/RSEAP_Ilustracion_123.pdf\">L&#8217;agronomia valenciana i la RSEAP (segles XVIII i XIX).<\/a><\/em>\u00a0<strong>Josep Vicent Maroto i Borrego<\/strong><\/li><li><em><a href=\"https:\/\/rseap.webs.upv.es\/pdf\/publicaciones\/Ilustracion\/RSEAP_Ilustracion_169.pdf\">Burgueses y emprendedores. Los or\u00edgenes de la conducta empresarial valenciana.<\/a><\/em>\u00a0<strong>Anaclet Pons y Justo Serna<\/strong><\/li><li><em><a href=\"https:\/\/rseap.webs.upv.es\/pdf\/publicaciones\/Ilustracion\/RSEAP_Ilustracion_201.pdf\">El apoyo de la Real Sociedad Econ\u00f3mica de Amigos del Pa\u00eds a las empresas promovidas por Jos\u00e9 Campo (1840-1855).<\/a><\/em>\u00a0<strong>Telesforo M. Hern\u00e1ndez<\/strong><\/li><li><em><a href=\"https:\/\/rseap.webs.upv.es\/pdf\/publicaciones\/Ilustracion\/RSEAP_Ilustracion_247.pdf\">\u00abPromover y auxiliar la ense\u00f1anza\u00bb. La Real Sociedad Econ\u00f3mica de Amigos del Pa\u00eds y la construcci\u00f3n del sistema educativo.<\/a><\/em>\u00a0<strong>Alejandro Mayordomo P\u00e9rez<\/strong><\/li><li><em><a href=\"https:\/\/rseap.webs.upv.es\/pdf\/publicaciones\/Ilustracion\/RSEAP_Ilustracion_281.pdf\">De los comienzos de la Caja de Ahorros de Valencia a Bancaja.<\/a><\/em>\u00a0<strong>Manuel Portol\u00e9s Sanz<\/strong><\/li><li><em><a href=\"https:\/\/rseap.webs.upv.es\/pdf\/publicaciones\/Ilustracion\/RSEAP_Ilustracion_321.pdf\">La qu\u00edmica aplicada a las artes y la Real Sociedad Econ\u00f3mica de Amigos del Pa\u00eds de Valencia (1788-1845).<\/a><\/em>\u00a0<strong>Jos\u00e9 Ram\u00f3n Bertomeu S\u00e1nchez y Antonio Garc\u00eda Belmar<\/strong><\/li><li><em><a href=\"https:\/\/rseap.webs.upv.es\/pdf\/publicaciones\/Ilustracion\/RSEAP_Ilustracion_379.pdf\">El Conservatorio de M\u00fasica de Valencia.<\/a><\/em>\u00a0<strong>Rodrigo Madrid<\/strong><\/li><li><em><a href=\"https:\/\/rseap.webs.upv.es\/pdf\/publicaciones\/Ilustracion\/RSEAP_Ilustracion_379.pdf\">De las exposiciones de la Real Sociedad Econ\u00f3mica de Amigos del Pa\u00eds a la Feria Muestrario Internacional de Valencia.<\/a><\/em>\u00a0<strong>Salvador Zaragoza Adriaensens<\/strong><\/li><li><em><a href=\"https:\/\/rseap.webs.upv.es\/pdf\/publicaciones\/Ilustracion\/RSEAP_Ilustracion_407.pdf\">La Real Sociedad Econ\u00f3mica de Amigos del Pa\u00eds desde la modernidad a la postmodernidad.<\/a><\/em>\u00a0<strong>Francisco Javier Edo Ausach<\/strong><\/li><li><em><a href=\"https:\/\/rseap.webs.upv.es\/pdf\/publicaciones\/Ilustracion\/RSEAP_Ilustracion_425.pdf\">Los proyectos de la Econ\u00f3mica. Prestigio, poder y modernidad en el desarrollo capitalista valenciano.<\/a><\/em>\u00a0<strong>Jos\u00e9 Mar\u00eda Garc\u00eda \u00c1lvarez-Coque<\/strong><\/li><li><em><a href=\"https:\/\/rseap.webs.upv.es\/pdf\/publicaciones\/Ilustracion\/RSEAP_Ilustracion_451.pdf\">Los tesoros bibliogr\u00e1ficos de la Real Sociedad Econ\u00f3mica de Amigos del Pa\u00eds de Valencia.<\/a><\/em>\u00a0<strong>Nicol\u00e1s Bas Mart\u00edn<\/strong><\/li><li><a href=\"https:\/\/rseap.webs.upv.es\/pdf\/publicaciones\/Ilustracion\/RSEAP_Ilustracion_491.pdf\">Autores<\/a><\/li><\/ul>\n","protected":false},"excerpt":{"rendered":"<p>Obra fragmentada: Portada Presentaci\u00f3n del Director de la RSEAPV Palabras de los Coordinadores La Real Sociedad Econ\u00f3mica de Amigos del Pa\u00eds de Valencia (1776-2008): Una apuesta permanente por el conocimiento.\u00a0Francisco Oltra Climent La Real Sociedad Econ\u00f3mica de Amigos del Pa\u00eds y el fomento de la industria valenciana de la seda en el siglo XVIII.\u00a0Ricardo Franch [&hellip;]<\/p>\n","protected":false},"author":1,"featured_media":0,"parent":0,"menu_order":0,"comment_status":"closed","ping_status":"closed","template":"","meta":{"footnotes":""},"class_list":["post-26","page","type-page","status-publish","hentry"],"_links":{"self":[{"href":"https:\/\/rseap.webs.upv.es\/rseapv\/wp-json\/wp\/v2\/pages\/26","targetHints":{"allow":["GET"]}}],"collection":[{"href":"https:\/\/rseap.webs.upv.es\/rseapv\/wp-json\/wp\/v2\/pages"}],"about":[{"href":"https:\/\/rseap.webs.upv.es\/rseapv\/wp-json\/wp\/v2\/types\/page"}],"author":[{"embeddable":true,"href":"https:\/\/rseap.webs.upv.es\/rseapv\/wp-json\/wp\/v2\/users\/1"}],"replies":[{"embeddable":true,"href":"https:\/\/rseap.webs.upv.es\/rseapv\/wp-json\/wp\/v2\/comments?post=26"}],"version-history":[{"count":7,"href":"https:\/\/rseap.webs.upv.es\/rseapv\/wp-json\/wp\/v2\/pages\/26\/revisions"}],"predecessor-version":[{"id":551,"href":"https:\/\/rseap.webs.upv.es\/rseapv\/wp-json\/wp\/v2\/pages\/26\/revisions\/551"}],"wp:attachment":[{"href":"https:\/\/rseap.webs.upv.es\/rseapv\/wp-json\/wp\/v2\/media?parent=26"}],"curies":[{"name":"wp","href":"https:\/\/api.w.org\/{rel}","templated":true}]}}