{"id":31,"date":"2022-04-26T09:25:00","date_gmt":"2022-04-26T09:25:00","guid":{"rendered":"https:\/\/rseap.webs.upv.es\/trabajando\/?page_id=31"},"modified":"2022-04-26T13:23:31","modified_gmt":"2022-04-26T13:23:31","slug":"enlaces","status":"publish","type":"page","link":"https:\/\/rseap.webs.upv.es\/rseapv\/enlaces\/","title":{"rendered":"Enlaces"},"content":{"rendered":"\n<h1 class=\"wp-block-heading\">Entidades Sociedad Civil<\/h1>\n\n\n\n<ul class=\"wp-block-list\"><li><strong><a rel=\"noreferrer noopener\" href=\"http:\/\/www.cronistesdelregnedevalencia.org\/\" target=\"_blank\">Asociaci\u00f3 de Cronistes Oficials del Regne de Val\u00e8ncia<\/a><\/strong><\/li><li><strong><a rel=\"noreferrer noopener\" href=\"http:\/\/www.congde.org\/\" target=\"_blank\">Coordinadora Valenciana de ONG para el Desarrollo<\/a><\/strong><\/li><li><strong><a rel=\"noreferrer noopener\" href=\"http:\/\/www.fsmcv.org\/\" target=\"_blank\">Federaci\u00f3n de Sociedades Musicales de la Comunidad Valenciana<\/a><\/strong><\/li><li><strong><a rel=\"noreferrer noopener\" href=\"http:\/\/www.platavoluntariado.org\/\" target=\"_blank\">Plataforma Valenciana de Entidades de Voluntariado Social<\/a><\/strong><\/li><li><strong><a rel=\"noreferrer noopener\" href=\"http:\/\/www.imeval.org\/\" target=\"_blank\">Instituto M\u00e9dico Valenciano<\/a><\/strong><\/li><li><strong><a rel=\"noreferrer noopener\" href=\"http:\/\/www.scelmicalet.cat\/\" target=\"_blank\">Societat Coral el Micalet<\/a><\/strong><\/li><li><strong><a rel=\"noreferrer noopener\" href=\"http:\/\/www.centroexcursionista.org\/\" target=\"_blank\">Centro Excursionista de Valencia<\/a><\/strong><\/li><li><strong><a rel=\"noreferrer noopener\" href=\"http:\/\/pobrezacero.wordpress.com\/\" target=\"_blank\">Pobreza Cero<\/a><\/strong><br><br><br><\/li><\/ul>\n\n\n\n<hr class=\"wp-block-separator\"\/>\n\n\n\n<h1 class=\"wp-block-heading\"><br><br>Otras sociedades Econ\u00f3micas de Amigos del Pa\u00eds<\/h1>\n\n\n\n<ul class=\"wp-block-list\"><li><strong><a rel=\"noreferrer noopener\" href=\"http:\/\/www.bascongada.org\/\" target=\"_blank\">Real Sociedad Bascongada de Amigos del Pa\u00eds<\/a><\/strong><\/li><li><strong><a rel=\"noreferrer noopener\" href=\"http:\/\/www.enciclopedia-aragonesa.com\/voz.asp?voz_id=10689\" target=\"_blank\">Real Sociedad Econ\u00f3mica Aragonesa de Amigos del Pa\u00eds<\/a><\/strong><\/li><li><strong><a rel=\"noreferrer noopener\" href=\"http:\/\/www.economicamatritense.com\/\" target=\"_blank\">Real Sociedad Econ\u00f3mica Matritense de Amigos del Pa\u00eds<\/a><\/strong><\/li><li><strong><a rel=\"noreferrer noopener\" href=\"http:\/\/www.rseapgc.com\/\" target=\"_blank\">Real Sociedad Econ\u00f3mica de Amigos del Pais de Gran Canaria<\/a><\/strong><\/li><li><strong><a rel=\"noreferrer noopener\" href=\"http:\/\/www.rseapt.com\/\" target=\"_blank\">Real Sociedad Econ\u00f3mica de Amigos del Pa\u00eds de Tenerife<\/a><\/strong><\/li><li><strong><a rel=\"noreferrer noopener\" href=\"http:\/\/www.economicadesevilla.com\/\" target=\"_blank\">Real Sociedad Econ\u00f3mica Sevillana de Amigos del Pa\u00eds<\/a><\/strong><\/li><li><strong><a rel=\"noreferrer noopener\" href=\"http:\/\/www.economicadesantiago.org\/\" target=\"_blank\">Real Sociedad Econ\u00f3mica Sevillana de Amigos de la ciudad de Santiago<\/a><\/strong><\/li><li><strong><a rel=\"noreferrer noopener\" href=\"http:\/\/www.liebana.org\/\" target=\"_blank\">Sociedad Econ\u00f3mica de Amigos del Pa\u00eds de Li\u00e9bana<\/a><\/strong><\/li><li><strong><a rel=\"noreferrer noopener\" href=\"http:\/\/www.rseeap.org\/\" target=\"_blank\">Real Sociedad Econ\u00f3mica Extreme\u00f1a de Amigos del Pa\u00eds de Badajoz<\/a><\/strong><\/li><li><strong><a rel=\"noreferrer noopener\" href=\"http:\/\/www.seap.cult.cu\/\" target=\"_blank\">Sociedad Econ\u00f3mica&nbsp; de Amigos del Pa\u00eds de La Habana<\/a><\/strong><\/li><li><strong><a rel=\"noreferrer noopener\" href=\"http:\/\/www.realsociedadeconomicajaen.com\/\" target=\"_blank\">Real Sociedad Econ\u00f3mica de Amigos del Pa\u00eds de Ja\u00e9n<\/a><\/strong><\/li><li><strong><a rel=\"noreferrer noopener\" href=\"http:\/\/www.sebap.com\/\" target=\"_blank\">Sociedad Econ\u00f3mica Barcelonesa de Amigos del Pa\u00eds<\/a><\/strong><\/li><\/ul>\n\n\n\n<p><br><br><\/p>\n\n\n\n<hr class=\"wp-block-separator\"\/>\n\n\n\n<h1 class=\"wp-block-heading\"><br><br>Otros Enlaces<\/h1>\n\n\n\n<ul class=\"wp-block-list\"><li><strong><a rel=\"noreferrer noopener\" href=\"http:\/\/www.uv.es\/\" target=\"_blank\">Universitat de Val\u00e8ncia<\/a><\/strong><\/li><li><strong><a rel=\"noreferrer noopener\" href=\"http:\/\/www.upv.es\/\" target=\"_blank\">Universidad Polit\u00e9cnica de Valencia<\/a><\/strong><\/li><li><strong><a rel=\"noreferrer noopener\" href=\"http:\/\/www.gva.es\/\" target=\"_blank\">Generalitat Valenciana<\/a><\/strong><\/li><li><strong><a rel=\"noreferrer noopener\" href=\"http:\/\/www.mcu.es\/\" target=\"_blank\">Ministerio de Cultura<\/a><\/strong><\/li><li><strong><a rel=\"noreferrer noopener\" href=\"http:\/\/www.mec.es\/\" target=\"_blank\">Ministerio de Educaci\u00f3n y Ciencia<\/a><\/strong><\/li><li><strong><a rel=\"noreferrer noopener\" href=\"http:\/\/www.csic.es\/\" target=\"_blank\">Consejo Superior de Investigaciones Cient\u00edficas<\/a><\/strong><\/li><li><strong><a rel=\"noreferrer noopener\" href=\"http:\/\/www.realacademiasancarlos.com\/\" target=\"_blank\">Real Academia de Bellas Artes de San Carlos de Valencia<\/a><\/strong><\/li><li><strong><a rel=\"noreferrer noopener\" href=\"http:\/\/www.rah.es\/\" target=\"_blank\">Real Academia de la Historia<\/a><\/strong><\/li><li><strong><a rel=\"noreferrer noopener\" href=\"http:\/\/www.csmvalencia.es\/\" target=\"_blank\">Conservatorio Superior de M\u00fasica de Valencia<\/a><\/strong><\/li><li><strong><a rel=\"noreferrer noopener\" href=\"http:\/\/www.mundo21.org\/\" target=\"_blank\">Fundaci\u00f3n Mundo21 \u2013 HumaniaTV<\/a><\/strong><\/li><li><strong><a rel=\"noreferrer noopener\" href=\"http:\/\/www.llegirenvalencia.org\/\" target=\"_blank\">Campanya \u00abLlegir en Valenci\u00e0\u00bb<\/a><\/strong><\/li><li><strong><a rel=\"noreferrer noopener\" href=\"http:\/\/cpv.edu.gva.es\/\" target=\"_blank\">Conservatorio Profesional de M\u00fasica de Valencia<\/a><\/strong><\/li><\/ul>\n\n\n\n<p><\/p>\n\n\n\n<p><\/p>\n","protected":false},"excerpt":{"rendered":"<p>Entidades Sociedad Civil Asociaci\u00f3 de Cronistes Oficials del Regne de Val\u00e8ncia Coordinadora Valenciana de ONG para el Desarrollo Federaci\u00f3n de Sociedades Musicales de la Comunidad Valenciana Plataforma Valenciana de Entidades de Voluntariado Social Instituto M\u00e9dico Valenciano Societat Coral el Micalet Centro Excursionista de Valencia Pobreza Cero Otras sociedades Econ\u00f3micas de Amigos del Pa\u00eds Real Sociedad [&hellip;]<\/p>\n","protected":false},"author":1,"featured_media":0,"parent":0,"menu_order":0,"comment_status":"closed","ping_status":"closed","template":"","meta":{"footnotes":""},"class_list":["post-31","page","type-page","status-publish","hentry"],"_links":{"self":[{"href":"https:\/\/rseap.webs.upv.es\/rseapv\/wp-json\/wp\/v2\/pages\/31","targetHints":{"allow":["GET"]}}],"collection":[{"href":"https:\/\/rseap.webs.upv.es\/rseapv\/wp-json\/wp\/v2\/pages"}],"about":[{"href":"https:\/\/rseap.webs.upv.es\/rseapv\/wp-json\/wp\/v2\/types\/page"}],"author":[{"embeddable":true,"href":"https:\/\/rseap.webs.upv.es\/rseapv\/wp-json\/wp\/v2\/users\/1"}],"replies":[{"embeddable":true,"href":"https:\/\/rseap.webs.upv.es\/rseapv\/wp-json\/wp\/v2\/comments?post=31"}],"version-history":[{"count":4,"href":"https:\/\/rseap.webs.upv.es\/rseapv\/wp-json\/wp\/v2\/pages\/31\/revisions"}],"predecessor-version":[{"id":124,"href":"https:\/\/rseap.webs.upv.es\/rseapv\/wp-json\/wp\/v2\/pages\/31\/revisions\/124"}],"wp:attachment":[{"href":"https:\/\/rseap.webs.upv.es\/rseapv\/wp-json\/wp\/v2\/media?parent=31"}],"curies":[{"name":"wp","href":"https:\/\/api.w.org\/{rel}","templated":true}]}}